{"id":26,"date":"2022-07-30T18:32:16","date_gmt":"2022-07-30T16:32:16","guid":{"rendered":"https:\/\/gmaso.no\/?page_id=26"},"modified":"2024-01-21T23:56:35","modified_gmt":"2024-01-21T22:56:35","slug":"om-gmaso","status":"publish","type":"page","link":"https:\/\/gmaso.no\/index.php\/om-gmaso\/","title":{"rendered":"Om GMASO"},"content":{"rendered":"\n<p>Gmaso st\u00e5r for Gullestad Music And Sports Organization, og drives av ildsjelene Thor Inge Gullestad og Torstein Halvorsen. Det er en ideell organisasjon der alt arbeid foreg\u00e5r p\u00e5 dugnad, og alle bidrag g\u00e5r uavkortet til de aktuelle prosjektene.<\/p>\n\n\n\n<p><br>Gmaso ser et menneske for et menneske og jobber ut fra \u00abhjelp til selvhjelp\u00bb- prinsippet. Ved \u00e5 gi h\u00e5p og st\u00f8tte til menneskene som er involvert i de forskjellige prosjektene, f\u00e5r de ogs\u00e5 grunnlaget for \u00e5 hjelpe andre. Gmaso er en human organisasjon, der alle mennesker er velkommen, uansett legning, religion eller personlig status.<\/p>\n\n\n\n<h5 class=\"wp-block-heading\">Historie:<\/h5>\n\n\n\n<p>Siden 2015 har Torstein st\u00f8ttet et musikkprosjekt i Uganda med instrumenter, undervisning og \u00f8konomi. I 2016 og 2017 hadde han bes\u00f8k av to l\u00e6rlinger fra Uganda. De bodde privat hos ham og var med p\u00e5 jobb hver dag i 3 uker. Sammen reparerte de over 40 instrumenter som de tok med seg til Uganda. Instrumentene hadde Torstein samlet inn fra korps og privatpersoner.&nbsp;<\/p>\n\n\n\n<p><br>I 2018 ble Torstein spurt om \u00e5 reise til Uganda for \u00e5 reparere instrumenter og fikk da anledning til \u00e5 bes\u00f8ke The Superstar Brassband. P\u00e5 denne turen stiftet han flere bekjentskaper, og flere spennende prosjekter har blitt til. Torstein og familien sponser flere barn med skolepenger og hjelper familiene deres \u00f8konomisk.&nbsp;<\/p>\n\n\n\n<p><br>I 2017 startet Torstein organisasjonen Wiro.no, Wind Instrument Recycle Organization. Der fortsatte han \u00e5 samle inn brukte bl\u00e5seinstrumenter. Samtidig oppfordret han en av sine bekjente i Uganda, som samlet barn til \u00e5 spille fotball etter kirketid hver s\u00f8ndag, til \u00e5 f\u00e5 mer struktur og en bedre organisering, for igjen \u00e5 kunne hjelpe flere barn og unge. Dette resulterte i at Obumwe Soccer Academy ble startet i 2018.\u00a0<\/p>\n\n\n\n<p><br>I 2020 flyttet Torstein fra Bergen til Kvinesdal, hvor han ble kjent med Thor Inge. Han ble straks interessert i arbeidet, spesielt den delen som handler om fotball. Sammen tok de initiativ til \u00e5 sponse en fotballturnering for jenter som fant sted i desember 2021. Dette ble en stor suksess og ga inspirasjon til videre arbeid. Wiro ble til Gmaso, og nytt styre best\u00e5r av Thor Inge og Torstein.<\/p>\n","protected":false},"excerpt":{"rendered":"<p>Gmaso st\u00e5r for Gullestad Music And Sports Organization, og drives av ildsjelene Thor Inge Gullestad og Torstein Halvorsen. Det er en ideell organisasjon der alt arbeid foreg\u00e5r p\u00e5 dugnad, og alle bidrag g\u00e5r uavkortet til de aktuelle prosjektene. Gmaso ser et menneske for et menneske og jobber ut fra \u00abhjelp til selvhjelp\u00bb- prinsippet. Ved \u00e5 [&hellip;]<\/p>\n","protected":false},"author":1,"featured_media":10,"parent":0,"menu_order":0,"comment_status":"closed","ping_status":"closed","template":"","meta":{"footnotes":""},"class_list":["post-26","page","type-page","status-publish","has-post-thumbnail","hentry"],"_links":{"self":[{"href":"https:\/\/gmaso.no\/index.php\/wp-json\/wp\/v2\/pages\/26","targetHints":{"allow":["GET"]}}],"collection":[{"href":"https:\/\/gmaso.no\/index.php\/wp-json\/wp\/v2\/pages"}],"about":[{"href":"https:\/\/gmaso.no\/index.php\/wp-json\/wp\/v2\/types\/page"}],"author":[{"embeddable":true,"href":"https:\/\/gmaso.no\/index.php\/wp-json\/wp\/v2\/users\/1"}],"replies":[{"embeddable":true,"href":"https:\/\/gmaso.no\/index.php\/wp-json\/wp\/v2\/comments?post=26"}],"version-history":[{"count":6,"href":"https:\/\/gmaso.no\/index.php\/wp-json\/wp\/v2\/pages\/26\/revisions"}],"predecessor-version":[{"id":124,"href":"https:\/\/gmaso.no\/index.php\/wp-json\/wp\/v2\/pages\/26\/revisions\/124"}],"wp:featuredmedia":[{"embeddable":true,"href":"https:\/\/gmaso.no\/index.php\/wp-json\/wp\/v2\/media\/10"}],"wp:attachment":[{"href":"https:\/\/gmaso.no\/index.php\/wp-json\/wp\/v2\/media?parent=26"}],"curies":[{"name":"wp","href":"https:\/\/api.w.org\/{rel}","templated":true}]}}