{"id":28,"date":"2022-07-30T18:33:09","date_gmt":"2022-07-30T16:33:09","guid":{"rendered":"https:\/\/gmaso.no\/?page_id=28"},"modified":"2024-01-21T17:51:36","modified_gmt":"2024-01-21T16:51:36","slug":"musikk","status":"publish","type":"page","link":"https:\/\/gmaso.no\/index.php\/musikk\/","title":{"rendered":"Musikk"},"content":{"rendered":"\n<p>Det er mange som donerer bl\u00e5seinstrumenter til Uganda. Flere frivillige reiser til landet og underviser musikk, og \u00abvestlig brassband\u00bb- musikk st\u00e5r sterkt. Dessverre er mange av instrumentene i sv\u00e6rt d\u00e5rlig stand, og ingen i Uganda har kunnskap om hvordan en vedlikeholder eller reparerer instrumentene. Gmasos m\u00e5l er \u00e5 opprette et verksted for reparasjon og service av bl\u00e5seinstrumenter i Uganda, og jobber med noen f\u00e5 utvalgte personer for \u00e5 oppn\u00e5 dette. En av dem er Jero William, som er selve ryggraden i The Superstar Brassband. De gir barn og ungdom musikkundervisning etter skoletid i Makerere, en sv\u00e6rt fattig bydel i hovestaden Kampala. I tillegg eier de en tomt like utenfor byen, kj\u00f8pt av Frank Znort, et jazz\/ punk- storband i Oslo. Her tilrettelegger de for samspill og musikkundervisning i helger og ferier. De dyrker ogs\u00e5 mat og har dyr, og m\u00e5let er \u00e5 bli selvberget. I The Superstar Brassband tar de vare p\u00e5 hverandre, og Jero har til stadighet flere barn som overnatter i hans sv\u00e6rt beskjedne bopel. Totalt er over 100 personer tilknyttet prosjektet.\u00a0<\/p>\n\n\n\n<p><br>Torstein har blitt kontaktet av flere musikkprosjekt i Uganda som ber om sponsing, men forel\u00f8pig er det kun The Superstar Brassband som f\u00e5r st\u00f8tte. Ved utgangen av 2023 har de mottatt 66 bl\u00e5seinstrumenter fra Gmaso, samt en god del verkt\u00f8y og utstyr. Det er viktig for Gmaso \u00e5 kjenne prosjekter og kontaktpersoner personlig. Dette forsikrer at st\u00f8tten kommer dit den skal og blir nyttegjort p\u00e5 en effektiv og god m\u00e5te.\u00a0Samtidig jobber Gmaso aktivt for \u00e5 finne nye musikkprosjekt som vi kan opprette eller st\u00f8tte. Her har vi et stort fokus p\u00e5 jenter. Jenter i Uganda blir ofte nedprioritert med tanke p\u00e5 utdannelse, og blir ofte tvunget til \u00e5 ta seg av barn og familie fra en veldig ung alder. De fleste har heller ikke tilgang til helt n\u00f8dvendige artikler som s\u00e5pe og bind. Gjennom musikkprosjektene er Gmasos m\u00e5l \u00e5 hjelpe jenter til \u00e5 f\u00e5 en utdannelse, bli selvstendige og komme seg ut av fattigdom.\u00a0<\/p>\n","protected":false},"excerpt":{"rendered":"<p>Det er mange som donerer bl\u00e5seinstrumenter til Uganda. Flere frivillige reiser til landet og underviser musikk, og \u00abvestlig brassband\u00bb- musikk st\u00e5r sterkt. Dessverre er mange av instrumentene i sv\u00e6rt d\u00e5rlig stand, og ingen i Uganda har kunnskap om hvordan en vedlikeholder eller reparerer instrumentene. Gmasos m\u00e5l er \u00e5 opprette et verksted for reparasjon og service [&hellip;]<\/p>\n","protected":false},"author":1,"featured_media":0,"parent":0,"menu_order":0,"comment_status":"closed","ping_status":"closed","template":"","meta":{"footnotes":""},"class_list":["post-28","page","type-page","status-publish","hentry"],"_links":{"self":[{"href":"https:\/\/gmaso.no\/index.php\/wp-json\/wp\/v2\/pages\/28","targetHints":{"allow":["GET"]}}],"collection":[{"href":"https:\/\/gmaso.no\/index.php\/wp-json\/wp\/v2\/pages"}],"about":[{"href":"https:\/\/gmaso.no\/index.php\/wp-json\/wp\/v2\/types\/page"}],"author":[{"embeddable":true,"href":"https:\/\/gmaso.no\/index.php\/wp-json\/wp\/v2\/users\/1"}],"replies":[{"embeddable":true,"href":"https:\/\/gmaso.no\/index.php\/wp-json\/wp\/v2\/comments?post=28"}],"version-history":[{"count":2,"href":"https:\/\/gmaso.no\/index.php\/wp-json\/wp\/v2\/pages\/28\/revisions"}],"predecessor-version":[{"id":119,"href":"https:\/\/gmaso.no\/index.php\/wp-json\/wp\/v2\/pages\/28\/revisions\/119"}],"wp:attachment":[{"href":"https:\/\/gmaso.no\/index.php\/wp-json\/wp\/v2\/media?parent=28"}],"curies":[{"name":"wp","href":"https:\/\/api.w.org\/{rel}","templated":true}]}}