{"id":59,"date":"2022-09-16T15:17:08","date_gmt":"2022-09-16T13:17:08","guid":{"rendered":"https:\/\/gmaso.no\/?page_id=59"},"modified":"2024-01-21T23:57:54","modified_gmt":"2024-01-21T22:57:54","slug":"bli-bidragsyter","status":"publish","type":"page","link":"https:\/\/gmaso.no\/index.php\/bli-bidragsyter\/","title":{"rendered":"Bli bidragsyter"},"content":{"rendered":"\n<h5 class=\"wp-block-heading\">\u00d8nsker du \u00e5 st\u00f8tte Gmasos arbeid?<\/h5>\n\n\n\n<p>Du kan gi et \u00f8konomisk bidrag p\u00e5 Vipps, direkte til bankkonto, eller ved \u00e5 levere pant.<\/p>\n\n\n\n<h5 class=\"wp-block-heading\">Vipps:<\/h5>\n\n\n\n<p>Bare klikk p\u00e5 Vipps- knappen og f\u00f8lg instruksjonene. S\u00e5 lenge du har Vipps- appen installert p\u00e5 enheten du bruker (mobil, nettbrett osv), kommer du direkte til Gmaso sin Vipps og sender penger som vanlig. Dersom du bruker PC eller en enhet som ikke har Vipps installert, kan du gi et bidrag i form av en \u00abgave\u00bb. Vi har satt bel\u00f8pet til 50kr, s\u00e5 er det bare \u00e5 klikke p\u00e5 \u00abantall gaver\u00bb hvis du vil gi mer. Eksempel: \u00f8nsker du \u00e5 donere 250kr, klikker du p\u00e5 5stk gaver a 50kr. Vi beklager at denne l\u00f8sningen virker litt komplisert, men det er et resultat av \u00e5 drive p\u00e5 dugnad og unng\u00e5 un\u00f8dige kostnader.<\/p>\n\n\n\n<h5 class=\"wp-block-heading\">Bankkonto:<\/h5>\n\n\n\n<p>Du gi et \u00f8konomisk bidrag direkte til v\u00e5r konto: 3633.62.18939. Her kan du ogs\u00e5 sette opp et fast trekk i nettbanken din, hvis du for eksempel \u00f8nsker \u00e5 gi en fast sum hver m\u00e5ned. Ta gjerne kontakt med oss f\u00f8r du overf\u00f8rer pengene, slik at vi vet hva det gjelder.&nbsp;<\/p>\n\n\n\n<h5 class=\"wp-block-heading\">Pant:<\/h5>\n\n\n\n<p>Vi tar imot pant p\u00e5 Gullestad, og kan hente etter avtale i n\u00e6romr\u00e5det. All pant g\u00e5r uavkortet til Gmasos prosjekter.<\/p>\n\n\n\n<p>Gmaso har fokus p\u00e5 milj\u00f8 og b\u00e6rekraft, og gir samtidig informasjon om viktigheten med dette til alle som er involvert i v\u00e5re prosjekt i Uganda.<\/p>\n\n\n\n<h5 class=\"wp-block-heading\">Generelt:<\/h5>\n\n\n\n<p>Gmaso fordeler all \u00f8konomisk st\u00f8tte etter beste skj\u00f8nn. Dersom du \u00f8nsker at ditt bidrag skal g\u00e5 til noe spesielt, for eksempel fotballsko, kan du spesifisere dette p\u00e5 betalingen. Ta gjerne kontakt med oss p\u00e5 forh\u00e5nd og h\u00f8r om det er spesielle ting som passer for deg som bidragsyter.&nbsp;<br>Kontakt oss gjerne&nbsp;dersom du har sp\u00f8rsm\u00e5l.<\/p>\n\n\n\n<h5 class=\"wp-block-heading\">Vilk\u00e5r&nbsp;for \u00f8konomisk bidrag til GMASO (org.nr. 922 216 444):<\/h5>\n\n\n\n<p>Selv om det i utgangspunktet ikke er mulig \u00e5 angre seg p\u00e5 tidligere donasjoner \u00e5pner Gmaso for bruk av skj\u00f8nn i slike situasjoner, der siste donasjon kan delvis eller helt krediteres.<\/p>\n","protected":false},"excerpt":{"rendered":"<p>\u00d8nsker du \u00e5 st\u00f8tte Gmasos arbeid? Du kan gi et \u00f8konomisk bidrag p\u00e5 Vipps, direkte til bankkonto, eller ved \u00e5 levere pant. Vipps: Bare klikk p\u00e5 Vipps- knappen og f\u00f8lg instruksjonene. S\u00e5 lenge du har Vipps- appen installert p\u00e5 enheten du bruker (mobil, nettbrett osv), kommer du direkte til Gmaso sin Vipps og sender penger [&hellip;]<\/p>\n","protected":false},"author":1,"featured_media":0,"parent":0,"menu_order":0,"comment_status":"closed","ping_status":"closed","template":"","meta":{"footnotes":""},"class_list":["post-59","page","type-page","status-publish","hentry"],"_links":{"self":[{"href":"https:\/\/gmaso.no\/index.php\/wp-json\/wp\/v2\/pages\/59","targetHints":{"allow":["GET"]}}],"collection":[{"href":"https:\/\/gmaso.no\/index.php\/wp-json\/wp\/v2\/pages"}],"about":[{"href":"https:\/\/gmaso.no\/index.php\/wp-json\/wp\/v2\/types\/page"}],"author":[{"embeddable":true,"href":"https:\/\/gmaso.no\/index.php\/wp-json\/wp\/v2\/users\/1"}],"replies":[{"embeddable":true,"href":"https:\/\/gmaso.no\/index.php\/wp-json\/wp\/v2\/comments?post=59"}],"version-history":[{"count":5,"href":"https:\/\/gmaso.no\/index.php\/wp-json\/wp\/v2\/pages\/59\/revisions"}],"predecessor-version":[{"id":126,"href":"https:\/\/gmaso.no\/index.php\/wp-json\/wp\/v2\/pages\/59\/revisions\/126"}],"wp:attachment":[{"href":"https:\/\/gmaso.no\/index.php\/wp-json\/wp\/v2\/media?parent=59"}],"curies":[{"name":"wp","href":"https:\/\/api.w.org\/{rel}","templated":true}]}}